{"id":4617,"date":"2023-11-16T11:21:43","date_gmt":"2023-11-16T10:21:43","guid":{"rendered":"https:\/\/pci.com.es\/politica-de-cookies\/"},"modified":"2023-12-28T19:22:50","modified_gmt":"2023-12-28T18:22:50","slug":"cookies-policy","status":"publish","type":"page","link":"https:\/\/pci.com.es\/en\/cookies-policy\/","title":{"rendered":"Cookies policy"},"content":{"rendered":"\t\t<div data-elementor-type=\"wp-page\" data-elementor-id=\"4617\" class=\"elementor elementor-4617 elementor-2550\" data-elementor-post-type=\"page\">\n\t\t\t\t<div class=\"elementor-element elementor-element-5c58fec e-flex e-con-boxed e-con e-parent\" data-id=\"5c58fec\" data-element_type=\"container\" data-e-type=\"container\">\n\t\t\t\t\t<div class=\"e-con-inner\">\n\t\t\t\t<div class=\"elementor-element elementor-element-6688b61 elementor-widget elementor-widget-heading\" data-id=\"6688b61\" data-element_type=\"widget\" data-e-type=\"widget\" data-widget_type=\"heading.default\">\n\t\t\t\t<div class=\"elementor-widget-container\">\n\t\t\t\t\t<h1 class=\"elementor-heading-title elementor-size-default\">Cookies policy<\/h1>\t\t\t\t<\/div>\n\t\t\t\t<\/div>\n\t\t\t\t<div class=\"elementor-element elementor-element-610b053 elementor-widget elementor-widget-text-editor\" data-id=\"610b053\" data-element_type=\"widget\" data-e-type=\"widget\" data-widget_type=\"text-editor.default\">\n\t\t\t\t<div class=\"elementor-widget-container\">\n\t\t\t\t\t\t\t\t\t<p>PCI PYME MARKETING, S.L. informa acerca del uso de las cookies en su p\u00e1gina web: https:\/\/pci.com.es\/<\/p><p><strong>\u00bfQu\u00e9 son las cookies?<\/strong><\/p><p>Las cookies son archivos que se pueden descargar en su equipo a trav\u00e9s de las p\u00e1ginas web. Son herramientas que tienen un papel esencial para la prestaci\u00f3n de numerosos servicios de la sociedad de la informaci\u00f3n. Entre otros, permiten a una p\u00e1gina web almacenar y recuperar informaci\u00f3n sobre los h\u00e1bitos de navegaci\u00f3n de un usuario o de su equipo y, dependiendo de la informaci\u00f3n obtenida, se pueden utilizar para reconocer al usuario y mejorar el servicio ofrecido.<\/p><p><strong>Tipos de cookies<\/strong><\/p><p>Seg\u00fan quien sea la entidad que gestione el dominio desde donde se env\u00edan las cookies y trate los datos que se obtengan se pueden distinguir dos tipos:<\/p><ul><li>Cookies propias: Aqu\u00e9llas que se env\u00edan al equipo terminal del usuario desde un equipo o dominio gestionado por el propio editor y desde el que se presta el servicio solicitado por el usuario.<\/li><li>Cookies de terceros: Aqu\u00e9llas que se env\u00edan al equipo terminal del usuario desde un equipo o dominio que no es gestionado por el editor, sino por otra entidad que trata los datos obtenidos trav\u00e9s de las cookies.<\/li><\/ul><p>En el caso de que las cookies sean instaladas desde un equipo o dominio gestionado por el propio editor pero la informaci\u00f3n que se recoja mediante \u00e9stas sea gestionada por un tercero, no pueden ser consideradas como cookies propias.<\/p><p>Existe tambi\u00e9n una segunda clasificaci\u00f3n seg\u00fan el plazo de tiempo que permanecen almacenadas en el navegador del cliente, pudiendo tratarse de:<\/p><ul><li>Cookies de sesi\u00f3n: Dise\u00f1adas para recabar y almacenar datos mientras el usuario accede a una p\u00e1gina web. Se suelen emplear para almacenar informaci\u00f3n que solo interesa conservar para la prestaci\u00f3n del servicio solicitado por el usuario en una sola ocasi\u00f3n (p.e. una lista de productos adquiridos).<\/li><li>Cookies persistentes: Los datos siguen almacenados en el terminal y pueden ser accedidos y tratados durante un periodo definido por el responsable de la cookie, y que puede ir de unos minutos a varios a\u00f1os.<\/li><\/ul><p>\u00a0<\/p><p>Por \u00faltimo, existe otra clasificaci\u00f3n con seis tipos de cookies seg\u00fan la finalidad para la que se traten los datos obtenidos:<\/p><ul><li>Cookies t\u00e9cnicas: Aquellas que permiten al usuario la navegaci\u00f3n a trav\u00e9s de una p\u00e1gina web, plataforma o aplicaci\u00f3n y la utilizaci\u00f3n de las diferentes opciones o servicios que en ella existan como, por ejemplo, controlar el tr\u00e1fico y la comunicaci\u00f3n de datos, identificar la sesi\u00f3n, acceder a partes de acceso restringido, recordar los elementos que integran un pedido, realizar el proceso de compra de un pedido, realizar la solicitud de inscripci\u00f3n o participaci\u00f3n en un evento, utilizar elementos de seguridad durante la navegaci\u00f3n, almacenar contenidos para la difusi\u00f3n de v\u00eddeos o sonido o compartir contenidos a trav\u00e9s de redes sociales.<\/li><li>Cookies de personalizaci\u00f3n: Permiten al usuario acceder al servicio con algunas caracter\u00edsticas de car\u00e1cter general predefinidas en funci\u00f3n de una serie de criterios en el terminal del usuario como por ejemplo serian el idioma, el tipo de navegador a trav\u00e9s del cual accede al servicio, la configuraci\u00f3n regional desde donde accede al servicio, etc.<\/li><li>Cookies de an\u00e1lisis: Permiten al responsable de las mismas, el seguimiento y an\u00e1lisis del comportamiento de los usuarios de los sitios web a los que est\u00e1n vinculadas. La informaci\u00f3n recogida mediante este tipo de cookies se utiliza en la medici\u00f3n de la actividad de los sitios web, aplicaci\u00f3n o plataforma y para la elaboraci\u00f3n de perfiles de navegaci\u00f3n de los usuarios de dichos sitios, aplicaciones y plataformas, con el fin de introducir mejoras en funci\u00f3n del an\u00e1lisis de los datos de uso que hacen los usuarios del servicio.<\/li><li>Cookies publicitarias: Permiten la gesti\u00f3n, de la forma m\u00e1s eficaz posible, de los espacios publicitarios.<\/li><li>Cookies de publicidad comportamental: Almacenan informaci\u00f3n del comportamiento de los usuarios obtenida a trav\u00e9s de la observaci\u00f3n continuada de sus h\u00e1bitos de navegaci\u00f3n, lo que permite desarrollar un perfil espec\u00edfico para mostrar publicidad en funci\u00f3n del mismo.<\/li><li>Cookies de redes sociales externas: Se utilizan para que los visitantes puedan interactuar con el contenido de diferentes plataformas sociales (facebook, youtube, twitter, linkedIn, etc..) y que se generen \u00fanicamente para los usuarios de dichas redes sociales. Las condiciones de utilizaci\u00f3n de estas cookies y la informaci\u00f3n recopilada se regula por la pol\u00edtica de privacidad de la plataforma social correspondiente.<\/li><\/ul><p><strong>\u00a0<\/strong><\/p><p><strong>Desactivaci\u00f3n y eliminaci\u00f3n de cookies<\/strong><\/p><p>Tienes la opci\u00f3n de permitir, bloquear o eliminar las cookies instaladas en tu equipo mediante la configuraci\u00f3n de las opciones del navegador instalado en su equipo. Al desactivar cookies, algunos de los servicios disponibles podr\u00edan dejar de estar operativos. La forma de deshabilitar las cookies es diferente para cada navegador, pero normalmente puede hacerse desde el men\u00fa Herramientas u Opciones. Tambi\u00e9n puede consultarse el men\u00fa de Ayuda del navegador d\u00f3nde puedes encontrar instrucciones. El usuario podr\u00e1 en cualquier momento elegir qu\u00e9 cookies quiere que funcionen en este sitio web.<\/p><p>Puede usted permitir, bloquear o eliminar las cookies instaladas en su equipo mediante la configuraci\u00f3n de las opciones del navegador instalado en su ordenador:<\/p><ul><li>Microsoft Internet Explorer o Microsoft Edge: http:\/\/windows.microsoft.com\/es-es\/windows-vista\/Block-or-allow-cookies<\/li><li>Mozilla Firefox: http:\/\/support.mozilla.org\/es\/kb\/impedir-que-los-sitios-web-guarden-sus-preferencia<\/li><li>Chrome: https:\/\/support.google.com\/accounts\/answer\/61416?hl=es<\/li><li>Safari: http:\/\/safari.helpmax.net\/es\/privacidad-y-seguridad\/como-gestionar-las-cookies\/<\/li><li>Opera: http:\/\/help.opera.com\/Linux\/10.60\/es-ES\/cookies.html<\/li><\/ul><p>Adem\u00e1s, tambi\u00e9n puede gestionar el almac\u00e9n de cookies en su navegador a trav\u00e9s de herramientas como las siguientes:<\/p><ul><li>Ghostery: www.ghostery.com<\/li><li>Your Online Choices: www.youronlinechoices.com\/es\/<\/li><\/ul><p>\u00a0<\/p><p>Cookies utilizadas en https:\/\/pci.com.es\/<\/p><p>A continuaci\u00f3n se identifican las cookies que est\u00e1n siendo utilizadas en este portal as\u00ed como su tipolog\u00eda y funci\u00f3n:<\/p><ul><li>_ga<ul><li>Duraci\u00f3n: 2 a\u00f1os<\/li><li>Descripci\u00f3n: Sirve para distinguir a los usuarios. Generada por Google Analytics. Google almacena la informacion recogida por las cookies en servidores ubicados en Estados Unidos, cumpliendo con la legislaci\u00f3n Europea en cuanto a protecci\u00f3n de datos personales y se compromete a no compartirla con terceros, excepto cuando la ley le obligue a ello o sea necesario para el funcionamiento del sistema. Google no asocia su direccion IP con ninguna otra informacion que tenga. Si desea obtener mas informacion acerca de las cookies usadas por Google Analytics, por favor acceda a esta direccion: https:\/\/developers.google.com\/analytics\/devguides\/collection\/analyticsjs\/cookie-usage?hl=es&amp;csw=1<\/li><li>Tipo: Tercero<\/li><li>Finalidad: Anal\u00edtica<\/li><\/ul><\/li><li>_gat<ul><li>Duraci\u00f3n: 1 minuto<\/li><li>Descripci\u00f3n: Utilizada para mostrar nuestra publicidad en otras p\u00e1ginas de la red de Google. Generada por Google Analytics. Google almacena la informacion recogida por las cookies en servidores ubicados en Estados Unidos, cumpliendo con la legislaci\u00f3n Europea en cuanto a protecci\u00f3n de datos personales y se compromete a no compartirla con terceros, excepto cuando la ley le obligue a ello o sea necesario para el funcionamiento del sistema. Google no asocia su direccion IP con ninguna otra informacion que tenga. Si desea obtener mas informacion acerca de las cookies usadas por Google Analytics, por favor acceda a esta direccion: https:\/\/developers.google.com\/analytics\/devguides\/collection\/analyticsjs\/cookie-usage?hl=es&amp;csw=1<\/li><li>Tipo: Tercero<\/li><li>Finalidad: Publicidad comportamental<\/li><\/ul><\/li><li>_gid<ul><li>Duraci\u00f3n: 24 horas<\/li><li>Descripci\u00f3n: Generada por Google Analytics. Google almacena la informacion recogida por las cookies en servidores ubicados en Estados Unidos, cumpliendo con la legislaci\u00f3n Europea en cuanto a protecci\u00f3n de datos personales y se compromete a no compartirla con terceros, excepto cuando la ley le obligue a ello o sea necesario para el funcionamiento del sistema. Google no asocia su direccion IP con ninguna otra informacion que tenga. Si desea obtener mas informacion acerca de las cookies usadas por Google Analytics, por favor acceda a esta direccion: https:\/\/developers.google.com\/analytics\/devguides\/collection\/analyticsjs\/cookie-usage?hl=es&amp;csw<\/li><li>Tipo: Tercero<\/li><li>Finalidad: Publicidad comportamental<\/li><\/ul><\/li><li>VISITOR_INFO1_LIVE<ul><li>Duraci\u00f3n: 8 meses<\/li><li>Descripci\u00f3n: En algunas p\u00e1ginas de nuestro Sitio Web tenemos v\u00eddeos incrustados de Youtube, es un servicio de Google. Su uso implica la remisi\u00f3n de esta cookie adem\u00e1s de las cookies que Google requiere si mantiene la sesi\u00f3n activa con su cuenta, con el prop\u00f3sito de visualizar los v\u00eddeos incrustados, estimar el ancho de banda y mostrar cuantas veces se ha reproducido.<\/li><li>Tipo: Tercero<\/li><li>Finalidad: Anal\u00edtica<\/li><\/ul><\/li><li>YSC<ul><li>Duraci\u00f3n: Al cerrar sesi\u00f3n<\/li><li>Descripci\u00f3n: En algunas p\u00e1ginas de nuestro Sitio Web tenemos v\u00eddeos incrustados de Youtube, es un servicio de Google. Su uso implica la remisi\u00f3n de esta cookie adem\u00e1s de las cookies que Google requiere si mantiene la sesi\u00f3n activa con su cuenta, con el prop\u00f3sito de visualizar los v\u00eddeos incrustados, estimar el ancho de banda y mostrar cuantas veces se ha reproducido.<\/li><li>Tipo: Tercero<\/li><li>Finalidad: Anal\u00edtica<\/li><\/ul><\/li><\/ul><p>https:\/\/pci.com.es\/ muestra informaci\u00f3n sobre su Pol\u00edtica de cookies en la parte inferior o superior de cualquier p\u00e1gina del portal con cada inicio de sesi\u00f3n.<\/p><p>Ante esta informaci\u00f3n es posible llevar a cabo las siguientes acciones:<\/p><ul><li>Aceptar cookies: No se volver\u00e1 a visualizar este aviso al acceder a cualquier p\u00e1gina del portal durante la presente sesi\u00f3n.<\/li><li>Modificar\/personalizar su configuraci\u00f3n: Podr\u00e1 obtener m\u00e1s informaci\u00f3n sobre qu\u00e9 son las cookies, conocer la Pol\u00edtica de cookies de: https:\/\/pci.com.es\/ y modificar la configuraci\u00f3n de su navegador.<\/li><\/ul><p>\u00a0<\/p><p>REV: 20.3009<\/p>\t\t\t\t\t\t\t\t<\/div>\n\t\t\t\t<\/div>\n\t\t\t\t<div class=\"elementor-element elementor-element-55fb28c elementor-widget elementor-widget-shortcode\" data-id=\"55fb28c\" data-element_type=\"widget\" data-e-type=\"widget\" data-widget_type=\"shortcode.default\">\n\t\t\t\t<div class=\"elementor-widget-container\">\n\t\t\t\t\t\t\t<div class=\"elementor-shortcode\"><script\n\t\ttype=\"text\/javascript\"\n\t\tid=\"CookieDeclaration\"\n\t\tsrc=\"https:\/\/consent.cookiebot.com\/59ac002a-f688-4871-8c95-86969404831d\/cd.js\"\n\t\t\tdata-culture=\"\u201cES\u201d\"\n\t\tasync><\/script>\n<\/div>\n\t\t\t\t\t\t<\/div>\n\t\t\t\t<\/div>\n\t\t\t\t\t<\/div>\n\t\t\t\t<\/div>\n\t\t\t\t<\/div>\n\t\t","protected":false},"excerpt":{"rendered":"<p>PCI PYME MARKETING, S.L. informa acerca del uso de las cookies en su p\u00e1gina web: https:\/\/pci.com.es\/ \u00bfQu\u00e9 son las cookies? Las cookies son archivos que se pueden descargar en su equipo a trav\u00e9s de las p\u00e1ginas web. Son herramientas que tienen un papel esencial para la prestaci\u00f3n de numerosos servicios de la sociedad de la [&hellip;]<\/p>\n","protected":false},"author":1,"featured_media":0,"parent":0,"menu_order":0,"comment_status":"closed","ping_status":"closed","template":"","meta":{"footnotes":""},"class_list":["post-4617","page","type-page","status-publish","hentry"],"yoast_head":"<!-- This site is optimized with the Yoast SEO plugin v27.2 - https:\/\/yoast.com\/product\/yoast-seo-wordpress\/ -->\n<title>Cookies policy - PCI<\/title>\n<meta name=\"robots\" content=\"index, follow, max-snippet:-1, max-image-preview:large, max-video-preview:-1\" \/>\n<link rel=\"canonical\" href=\"https:\/\/pci.com.es\/en\/cookies-policy\/\" \/>\n<meta property=\"og:locale\" content=\"en_US\" \/>\n<meta property=\"og:type\" content=\"article\" \/>\n<meta property=\"og:title\" content=\"Cookies policy - PCI\" \/>\n<meta property=\"og:description\" content=\"PCI PYME MARKETING, S.L. informa acerca del uso de las cookies en su p\u00e1gina web: https:\/\/pci.com.es\/ \u00bfQu\u00e9 son las cookies? Las cookies son archivos que se pueden descargar en su equipo a trav\u00e9s de las p\u00e1ginas web. Son herramientas que tienen un papel esencial para la prestaci\u00f3n de numerosos servicios de la sociedad de la [&hellip;]\" \/>\n<meta property=\"og:url\" content=\"https:\/\/pci.com.es\/en\/cookies-policy\/\" \/>\n<meta property=\"og:site_name\" content=\"PCI\" \/>\n<meta property=\"article:modified_time\" content=\"2023-12-28T18:22:50+00:00\" \/>\n<meta name=\"twitter:card\" content=\"summary_large_image\" \/>\n<script type=\"application\/ld+json\" class=\"yoast-schema-graph\">{\"@context\":\"https:\/\/schema.org\",\"@graph\":[{\"@type\":\"WebPage\",\"@id\":\"https:\/\/pci.com.es\/en\/cookies-policy\/\",\"url\":\"https:\/\/pci.com.es\/en\/cookies-policy\/\",\"name\":\"Cookies policy - PCI\",\"isPartOf\":{\"@id\":\"https:\/\/pci.com.es\/#website\"},\"datePublished\":\"2023-11-16T10:21:43+00:00\",\"dateModified\":\"2023-12-28T18:22:50+00:00\",\"breadcrumb\":{\"@id\":\"https:\/\/pci.com.es\/en\/cookies-policy\/#breadcrumb\"},\"inLanguage\":\"en-US\",\"potentialAction\":[{\"@type\":\"ReadAction\",\"target\":[\"https:\/\/pci.com.es\/en\/cookies-policy\/\"]}]},{\"@type\":\"BreadcrumbList\",\"@id\":\"https:\/\/pci.com.es\/en\/cookies-policy\/#breadcrumb\",\"itemListElement\":[{\"@type\":\"ListItem\",\"position\":1,\"name\":\"Portada\",\"item\":\"https:\/\/pci.com.es\/en\/\"},{\"@type\":\"ListItem\",\"position\":2,\"name\":\"Cookies policy\"}]},{\"@type\":\"WebSite\",\"@id\":\"https:\/\/pci.com.es\/#website\",\"url\":\"https:\/\/pci.com.es\/\",\"name\":\"PCI\",\"description\":\"Nos mueve darte m\u00e1s\",\"publisher\":{\"@id\":\"https:\/\/pci.com.es\/#organization\"},\"potentialAction\":[{\"@type\":\"SearchAction\",\"target\":{\"@type\":\"EntryPoint\",\"urlTemplate\":\"https:\/\/pci.com.es\/?s={search_term_string}\"},\"query-input\":{\"@type\":\"PropertyValueSpecification\",\"valueRequired\":true,\"valueName\":\"search_term_string\"}}],\"inLanguage\":\"en-US\"},{\"@type\":\"Organization\",\"@id\":\"https:\/\/pci.com.es\/#organization\",\"name\":\"PCI\",\"url\":\"https:\/\/pci.com.es\/\",\"logo\":{\"@type\":\"ImageObject\",\"inLanguage\":\"en-US\",\"@id\":\"https:\/\/pci.com.es\/#\/schema\/logo\/image\/\",\"url\":\"https:\/\/pci.com.es\/wp-content\/uploads\/2023\/10\/logo.svg\",\"contentUrl\":\"https:\/\/pci.com.es\/wp-content\/uploads\/2023\/10\/logo.svg\",\"width\":209,\"height\":97,\"caption\":\"PCI\"},\"image\":{\"@id\":\"https:\/\/pci.com.es\/#\/schema\/logo\/image\/\"}}]}<\/script>\n<!-- \/ Yoast SEO plugin. -->","yoast_head_json":{"title":"Cookies policy - PCI","robots":{"index":"index","follow":"follow","max-snippet":"max-snippet:-1","max-image-preview":"max-image-preview:large","max-video-preview":"max-video-preview:-1"},"canonical":"https:\/\/pci.com.es\/en\/cookies-policy\/","og_locale":"en_US","og_type":"article","og_title":"Cookies policy - PCI","og_description":"PCI PYME MARKETING, S.L. informa acerca del uso de las cookies en su p\u00e1gina web: https:\/\/pci.com.es\/ \u00bfQu\u00e9 son las cookies? Las cookies son archivos que se pueden descargar en su equipo a trav\u00e9s de las p\u00e1ginas web. Son herramientas que tienen un papel esencial para la prestaci\u00f3n de numerosos servicios de la sociedad de la [&hellip;]","og_url":"https:\/\/pci.com.es\/en\/cookies-policy\/","og_site_name":"PCI","article_modified_time":"2023-12-28T18:22:50+00:00","twitter_card":"summary_large_image","schema":{"@context":"https:\/\/schema.org","@graph":[{"@type":"WebPage","@id":"https:\/\/pci.com.es\/en\/cookies-policy\/","url":"https:\/\/pci.com.es\/en\/cookies-policy\/","name":"Cookies policy - PCI","isPartOf":{"@id":"https:\/\/pci.com.es\/#website"},"datePublished":"2023-11-16T10:21:43+00:00","dateModified":"2023-12-28T18:22:50+00:00","breadcrumb":{"@id":"https:\/\/pci.com.es\/en\/cookies-policy\/#breadcrumb"},"inLanguage":"en-US","potentialAction":[{"@type":"ReadAction","target":["https:\/\/pci.com.es\/en\/cookies-policy\/"]}]},{"@type":"BreadcrumbList","@id":"https:\/\/pci.com.es\/en\/cookies-policy\/#breadcrumb","itemListElement":[{"@type":"ListItem","position":1,"name":"Portada","item":"https:\/\/pci.com.es\/en\/"},{"@type":"ListItem","position":2,"name":"Cookies policy"}]},{"@type":"WebSite","@id":"https:\/\/pci.com.es\/#website","url":"https:\/\/pci.com.es\/","name":"PCI","description":"Nos mueve darte m\u00e1s","publisher":{"@id":"https:\/\/pci.com.es\/#organization"},"potentialAction":[{"@type":"SearchAction","target":{"@type":"EntryPoint","urlTemplate":"https:\/\/pci.com.es\/?s={search_term_string}"},"query-input":{"@type":"PropertyValueSpecification","valueRequired":true,"valueName":"search_term_string"}}],"inLanguage":"en-US"},{"@type":"Organization","@id":"https:\/\/pci.com.es\/#organization","name":"PCI","url":"https:\/\/pci.com.es\/","logo":{"@type":"ImageObject","inLanguage":"en-US","@id":"https:\/\/pci.com.es\/#\/schema\/logo\/image\/","url":"https:\/\/pci.com.es\/wp-content\/uploads\/2023\/10\/logo.svg","contentUrl":"https:\/\/pci.com.es\/wp-content\/uploads\/2023\/10\/logo.svg","width":209,"height":97,"caption":"PCI"},"image":{"@id":"https:\/\/pci.com.es\/#\/schema\/logo\/image\/"}}]}},"_links":{"self":[{"href":"https:\/\/pci.com.es\/en\/wp-json\/wp\/v2\/pages\/4617","targetHints":{"allow":["GET"]}}],"collection":[{"href":"https:\/\/pci.com.es\/en\/wp-json\/wp\/v2\/pages"}],"about":[{"href":"https:\/\/pci.com.es\/en\/wp-json\/wp\/v2\/types\/page"}],"author":[{"embeddable":true,"href":"https:\/\/pci.com.es\/en\/wp-json\/wp\/v2\/users\/1"}],"replies":[{"embeddable":true,"href":"https:\/\/pci.com.es\/en\/wp-json\/wp\/v2\/comments?post=4617"}],"version-history":[{"count":1,"href":"https:\/\/pci.com.es\/en\/wp-json\/wp\/v2\/pages\/4617\/revisions"}],"predecessor-version":[{"id":4628,"href":"https:\/\/pci.com.es\/en\/wp-json\/wp\/v2\/pages\/4617\/revisions\/4628"}],"wp:attachment":[{"href":"https:\/\/pci.com.es\/en\/wp-json\/wp\/v2\/media?parent=4617"}],"curies":[{"name":"wp","href":"https:\/\/api.w.org\/{rel}","templated":true}]}}