{"id":4540,"date":"2023-11-25T20:26:14","date_gmt":"2023-11-25T19:26:14","guid":{"rendered":"https:\/\/pci.com.es\/aviso-legal\/"},"modified":"2023-12-01T12:55:40","modified_gmt":"2023-12-01T11:55:40","slug":"legal-notice","status":"publish","type":"page","link":"https:\/\/pci.com.es\/en\/legal-notice\/","title":{"rendered":"Legal notice"},"content":{"rendered":"\t\t<div data-elementor-type=\"wp-page\" data-elementor-id=\"4540\" class=\"elementor elementor-4540 elementor-4051\" data-elementor-post-type=\"page\">\n\t\t\t\t<div class=\"elementor-element elementor-element-5a8f0a19 e-flex e-con-boxed e-con e-parent\" data-id=\"5a8f0a19\" data-element_type=\"container\" data-e-type=\"container\">\n\t\t\t\t\t<div class=\"e-con-inner\">\n\t\t\t\t<div class=\"elementor-element elementor-element-c0a887a elementor-widget elementor-widget-heading\" data-id=\"c0a887a\" data-element_type=\"widget\" data-e-type=\"widget\" data-widget_type=\"heading.default\">\n\t\t\t\t<div class=\"elementor-widget-container\">\n\t\t\t\t\t<h1 class=\"elementor-heading-title elementor-size-default\">Legal notice<\/h1>\t\t\t\t<\/div>\n\t\t\t\t<\/div>\n\t\t\t\t<div class=\"elementor-element elementor-element-3fed37ad elementor-widget elementor-widget-text-editor\" data-id=\"3fed37ad\" data-element_type=\"widget\" data-e-type=\"widget\" data-widget_type=\"text-editor.default\">\n\t\t\t\t<div class=\"elementor-widget-container\">\n\t\t\t\t\t\t\t\t\t<p><\/p>\n<h3 class=\"wp-block-heading\">En cumplimiento con el deber de informaci\u00f3n recogido en art\u00edculo 10 de la Ley 34\/2002, de 11 de julio, de Servicios de la Sociedad de la Informaci\u00f3n y del Comercio Electr\u00f3nico (LSSICE), el propietario de la web , le informa de lo siguiente:<\/h3><div><br><\/div>\n<p><\/p>\n<p><\/p>\n<ul><p><\/p>\n<li>Denominaci\u00f3n social: PCI PYME MARKETING, S.L.<\/li>\n<p><\/p>\n<p><\/p>\n<li>NIF: B81981631<\/li>\n<p><\/p>\n<p><\/p>\n<li>Domicilio: C\/ Pastora Imperio, 5, 14\u00ba-d, 28036 &#8211; Madrid (Madrid)<\/li>\n<p><\/p><\/ul>\n<p><\/p>\n<p><\/p>\n<p><br><\/p><p>Inscrita en el Registro Mercantil de MADRID al Tomo 12970, folio 52, secci\u00f3n 8, hoja n\u00famero M-209101, inscripci\u00f3n 1<\/p>\n<p><\/p>\n<p><\/p>\n<p>Con los l\u00edmites establecidos en la ley, PCI PYME MARKETING, S.L. no asume ninguna responsabilidad derivada de la falta de veracidad, integridad, actualizaci\u00f3n y precisi\u00f3n de los datos o informaciones que contienen sus p\u00e1ginas web.<\/p>\n<p><\/p>\n<p><\/p>\n<p>Los contenidos e informaci\u00f3n no vinculan a PCI PYME MARKETING, S.L. ni constituyen opiniones, consejos o asesoramiento legal de ning\u00fan tipo pues se trata meramente de un servicio ofrecido con car\u00e1cter informativo y divulgativo.<\/p>\n<p><\/p>\n<p><\/p>\n<p>Las p\u00e1ginas de Internet de PCI PYME MARKETING, S.L. pueden contener enlaces (links) a otras p\u00e1ginas de terceras partes que PCI PYME MARKETING, S.L. no puede controlar. Por lo tanto, PCI PYME MARKETING, S.L. no puede asumir responsabilidades por el contenido que pueda aparecer en p\u00e1ginas de terceros.<\/p>\n<p><\/p>\n<p><\/p>\n<p>Los textos, im\u00e1genes, sonidos, animaciones, software y el resto de contenidos incluidos en este website son propiedad exclusiva de PCI PYME MARKETING, S.L. o sus licenciantes. Cualquier acto de transmisi\u00f3n, distribuci\u00f3n, cesi\u00f3n, reproducci\u00f3n, almacenamiento o comunicaci\u00f3n p\u00fablica total o parcial, deber\u00e1 contar con el consentimiento expreso de PCI PYME MARKETING, S.L..<\/p>\n<p><\/p>\n<p><\/p>\n<p>Asimismo, para acceder a algunos de los servicios que PCI PYME MARKETING, S.L. ofrece a trav\u00e9s del sitio web, deber\u00e1 proporcionar algunos datos de car\u00e1cter personal. En cumplimiento de lo establecido en el Reglamento (UE) 2016\/679 del Parlamento Europeo y del Consejo, de 27 de abril de 2016, relativo a la protecci\u00f3n de las personas f\u00edsicas en lo que respecta al tratamiento de datos personales y a la libre circulaci\u00f3n de estos datos le informamos que, mediante la cumplimentaci\u00f3n de los presentes formularios, sus datos personales quedar\u00e1n incorporados y ser\u00e1n tratados en los ficheros de PCI PYME MARKETING, S.L. con el fin de poderle prestar y ofrecer nuestros servicios as\u00ed como para informarle de las mejoras del sitio Web.<\/p>\n<p><\/p>\n<p><\/p>\n<p>Le informamos tambi\u00e9n de que tendr\u00e1 la posibilidad en todo momento de ejercer los derechos de acceso, rectificaci\u00f3n, cancelaci\u00f3n, oposici\u00f3n, limitaci\u00f3n y portabilidad de sus datos de car\u00e1cter personal, de manera gratuita mediante email a: c.cornejo@pci.com.es o en la direcci\u00f3n: C\/ Pastora Imperio, 5, 14\u00ba-d, 28036 &#8211; Madrid (Madrid).<\/p>\n<p><\/p>\n<p><\/p>\n<p>REV: 20.3009<\/p>\n<p><\/p>\t\t\t\t\t\t\t\t<\/div>\n\t\t\t\t<\/div>\n\t\t\t\t\t<\/div>\n\t\t\t\t<\/div>\n\t\t\t\t<\/div>\n\t\t","protected":false},"excerpt":{"rendered":"<p>En cumplimiento con el deber de informaci\u00f3n recogido en art\u00edculo 10 de la Ley 34\/2002, de 11 de julio, de Servicios de la Sociedad de la Informaci\u00f3n y del Comercio Electr\u00f3nico (LSSICE), el propietario de la web , le informa de lo siguiente: Inscrita en el Registro Mercantil de MADRID al Tomo 12970, folio 52, [&hellip;]<\/p>\n","protected":false},"author":1,"featured_media":0,"parent":0,"menu_order":0,"comment_status":"closed","ping_status":"closed","template":"","meta":{"footnotes":""},"class_list":["post-4540","page","type-page","status-publish","hentry"],"yoast_head":"<!-- This site is optimized with the Yoast SEO plugin v27.2 - https:\/\/yoast.com\/product\/yoast-seo-wordpress\/ -->\n<title>Legal notice - PCI<\/title>\n<meta name=\"robots\" content=\"index, follow, max-snippet:-1, max-image-preview:large, max-video-preview:-1\" \/>\n<link rel=\"canonical\" href=\"https:\/\/pci.com.es\/en\/legal-notice\/\" \/>\n<meta property=\"og:locale\" content=\"en_US\" \/>\n<meta property=\"og:type\" content=\"article\" \/>\n<meta property=\"og:title\" content=\"Legal notice - PCI\" \/>\n<meta property=\"og:description\" content=\"En cumplimiento con el deber de informaci\u00f3n recogido en art\u00edculo 10 de la Ley 34\/2002, de 11 de julio, de Servicios de la Sociedad de la Informaci\u00f3n y del Comercio Electr\u00f3nico (LSSICE), el propietario de la web , le informa de lo siguiente: Inscrita en el Registro Mercantil de MADRID al Tomo 12970, folio 52, [&hellip;]\" \/>\n<meta property=\"og:url\" content=\"https:\/\/pci.com.es\/en\/legal-notice\/\" \/>\n<meta property=\"og:site_name\" content=\"PCI\" \/>\n<meta property=\"article:modified_time\" content=\"2023-12-01T11:55:40+00:00\" \/>\n<meta name=\"twitter:card\" content=\"summary_large_image\" \/>\n<meta name=\"twitter:label1\" content=\"Est. reading time\" \/>\n\t<meta name=\"twitter:data1\" content=\"2 minutes\" \/>\n<script type=\"application\/ld+json\" class=\"yoast-schema-graph\">{\"@context\":\"https:\/\/schema.org\",\"@graph\":[{\"@type\":\"WebPage\",\"@id\":\"https:\/\/pci.com.es\/en\/legal-notice\/\",\"url\":\"https:\/\/pci.com.es\/en\/legal-notice\/\",\"name\":\"Legal notice - PCI\",\"isPartOf\":{\"@id\":\"https:\/\/pci.com.es\/#website\"},\"datePublished\":\"2023-11-25T19:26:14+00:00\",\"dateModified\":\"2023-12-01T11:55:40+00:00\",\"breadcrumb\":{\"@id\":\"https:\/\/pci.com.es\/en\/legal-notice\/#breadcrumb\"},\"inLanguage\":\"en-US\",\"potentialAction\":[{\"@type\":\"ReadAction\",\"target\":[\"https:\/\/pci.com.es\/en\/legal-notice\/\"]}]},{\"@type\":\"BreadcrumbList\",\"@id\":\"https:\/\/pci.com.es\/en\/legal-notice\/#breadcrumb\",\"itemListElement\":[{\"@type\":\"ListItem\",\"position\":1,\"name\":\"Portada\",\"item\":\"https:\/\/pci.com.es\/en\/\"},{\"@type\":\"ListItem\",\"position\":2,\"name\":\"Legal notice\"}]},{\"@type\":\"WebSite\",\"@id\":\"https:\/\/pci.com.es\/#website\",\"url\":\"https:\/\/pci.com.es\/\",\"name\":\"PCI\",\"description\":\"Nos mueve darte m\u00e1s\",\"publisher\":{\"@id\":\"https:\/\/pci.com.es\/#organization\"},\"potentialAction\":[{\"@type\":\"SearchAction\",\"target\":{\"@type\":\"EntryPoint\",\"urlTemplate\":\"https:\/\/pci.com.es\/?s={search_term_string}\"},\"query-input\":{\"@type\":\"PropertyValueSpecification\",\"valueRequired\":true,\"valueName\":\"search_term_string\"}}],\"inLanguage\":\"en-US\"},{\"@type\":\"Organization\",\"@id\":\"https:\/\/pci.com.es\/#organization\",\"name\":\"PCI\",\"url\":\"https:\/\/pci.com.es\/\",\"logo\":{\"@type\":\"ImageObject\",\"inLanguage\":\"en-US\",\"@id\":\"https:\/\/pci.com.es\/#\/schema\/logo\/image\/\",\"url\":\"https:\/\/pci.com.es\/wp-content\/uploads\/2023\/10\/logo.svg\",\"contentUrl\":\"https:\/\/pci.com.es\/wp-content\/uploads\/2023\/10\/logo.svg\",\"width\":209,\"height\":97,\"caption\":\"PCI\"},\"image\":{\"@id\":\"https:\/\/pci.com.es\/#\/schema\/logo\/image\/\"}}]}<\/script>\n<!-- \/ Yoast SEO plugin. -->","yoast_head_json":{"title":"Legal notice - PCI","robots":{"index":"index","follow":"follow","max-snippet":"max-snippet:-1","max-image-preview":"max-image-preview:large","max-video-preview":"max-video-preview:-1"},"canonical":"https:\/\/pci.com.es\/en\/legal-notice\/","og_locale":"en_US","og_type":"article","og_title":"Legal notice - PCI","og_description":"En cumplimiento con el deber de informaci\u00f3n recogido en art\u00edculo 10 de la Ley 34\/2002, de 11 de julio, de Servicios de la Sociedad de la Informaci\u00f3n y del Comercio Electr\u00f3nico (LSSICE), el propietario de la web , le informa de lo siguiente: Inscrita en el Registro Mercantil de MADRID al Tomo 12970, folio 52, [&hellip;]","og_url":"https:\/\/pci.com.es\/en\/legal-notice\/","og_site_name":"PCI","article_modified_time":"2023-12-01T11:55:40+00:00","twitter_card":"summary_large_image","twitter_misc":{"Est. reading time":"2 minutes"},"schema":{"@context":"https:\/\/schema.org","@graph":[{"@type":"WebPage","@id":"https:\/\/pci.com.es\/en\/legal-notice\/","url":"https:\/\/pci.com.es\/en\/legal-notice\/","name":"Legal notice - PCI","isPartOf":{"@id":"https:\/\/pci.com.es\/#website"},"datePublished":"2023-11-25T19:26:14+00:00","dateModified":"2023-12-01T11:55:40+00:00","breadcrumb":{"@id":"https:\/\/pci.com.es\/en\/legal-notice\/#breadcrumb"},"inLanguage":"en-US","potentialAction":[{"@type":"ReadAction","target":["https:\/\/pci.com.es\/en\/legal-notice\/"]}]},{"@type":"BreadcrumbList","@id":"https:\/\/pci.com.es\/en\/legal-notice\/#breadcrumb","itemListElement":[{"@type":"ListItem","position":1,"name":"Portada","item":"https:\/\/pci.com.es\/en\/"},{"@type":"ListItem","position":2,"name":"Legal notice"}]},{"@type":"WebSite","@id":"https:\/\/pci.com.es\/#website","url":"https:\/\/pci.com.es\/","name":"PCI","description":"Nos mueve darte m\u00e1s","publisher":{"@id":"https:\/\/pci.com.es\/#organization"},"potentialAction":[{"@type":"SearchAction","target":{"@type":"EntryPoint","urlTemplate":"https:\/\/pci.com.es\/?s={search_term_string}"},"query-input":{"@type":"PropertyValueSpecification","valueRequired":true,"valueName":"search_term_string"}}],"inLanguage":"en-US"},{"@type":"Organization","@id":"https:\/\/pci.com.es\/#organization","name":"PCI","url":"https:\/\/pci.com.es\/","logo":{"@type":"ImageObject","inLanguage":"en-US","@id":"https:\/\/pci.com.es\/#\/schema\/logo\/image\/","url":"https:\/\/pci.com.es\/wp-content\/uploads\/2023\/10\/logo.svg","contentUrl":"https:\/\/pci.com.es\/wp-content\/uploads\/2023\/10\/logo.svg","width":209,"height":97,"caption":"PCI"},"image":{"@id":"https:\/\/pci.com.es\/#\/schema\/logo\/image\/"}}]}},"_links":{"self":[{"href":"https:\/\/pci.com.es\/en\/wp-json\/wp\/v2\/pages\/4540","targetHints":{"allow":["GET"]}}],"collection":[{"href":"https:\/\/pci.com.es\/en\/wp-json\/wp\/v2\/pages"}],"about":[{"href":"https:\/\/pci.com.es\/en\/wp-json\/wp\/v2\/types\/page"}],"author":[{"embeddable":true,"href":"https:\/\/pci.com.es\/en\/wp-json\/wp\/v2\/users\/1"}],"replies":[{"embeddable":true,"href":"https:\/\/pci.com.es\/en\/wp-json\/wp\/v2\/comments?post=4540"}],"version-history":[{"count":1,"href":"https:\/\/pci.com.es\/en\/wp-json\/wp\/v2\/pages\/4540\/revisions"}],"predecessor-version":[{"id":4630,"href":"https:\/\/pci.com.es\/en\/wp-json\/wp\/v2\/pages\/4540\/revisions\/4630"}],"wp:attachment":[{"href":"https:\/\/pci.com.es\/en\/wp-json\/wp\/v2\/media?parent=4540"}],"curies":[{"name":"wp","href":"https:\/\/api.w.org\/{rel}","templated":true}]}}